{"id":11556,"date":"2023-06-30T17:57:37","date_gmt":"2023-06-30T17:57:37","guid":{"rendered":"https:\/\/www.losmolinospontedeume.com\/?page_id=11556"},"modified":"2023-11-10T16:26:32","modified_gmt":"2023-11-10T16:26:32","slug":"novedades","status":"publish","type":"page","link":"https:\/\/www.losmolinospontedeume.com\/index.php\/novedades\/","title":{"rendered":"Novedades"},"content":{"rendered":"\t\t<div data-elementor-type=\"wp-post\" data-elementor-id=\"11556\" class=\"elementor elementor-11556\" data-elementor-post-type=\"page\">\n\t\t\t\t\t\t<section class=\"elementor-section elementor-top-section elementor-element elementor-element-3c1849c2 elementor-section-height-min-height elementor-section-content-middle elementor-section-boxed elementor-section-height-default elementor-section-items-middle\" data-id=\"3c1849c2\" data-element_type=\"section\" data-e-type=\"section\" data-settings=\"{&quot;background_background&quot;:&quot;classic&quot;,&quot;shape_divider_bottom&quot;:&quot;triangle&quot;}\">\n\t\t\t\t\t\t\t<div class=\"elementor-background-overlay\"><\/div>\n\t\t\t\t\t\t<div class=\"elementor-shape elementor-shape-bottom\" aria-hidden=\"true\" data-negative=\"false\">\n\t\t\t<svg xmlns=\"http:\/\/www.w3.org\/2000\/svg\" viewBox=\"0 0 1000 100\" preserveAspectRatio=\"none\">\n\t<path class=\"elementor-shape-fill\" d=\"M500,98.9L0,6.1V0h1000v6.1L500,98.9z\"\/>\n<\/svg>\t\t<\/div>\n\t\t\t\t\t<div class=\"elementor-container elementor-column-gap-extended\">\n\t\t\t\t\t<div class=\"elementor-column elementor-col-16 elementor-top-column elementor-element elementor-element-1b8fef79\" data-id=\"1b8fef79\" data-element_type=\"column\" data-e-type=\"column\">\n\t\t\t<div class=\"elementor-widget-wrap\">\n\t\t\t\t\t\t\t<\/div>\n\t\t<\/div>\n\t\t\t\t<div class=\"elementor-column elementor-col-66 elementor-top-column elementor-element elementor-element-39393098\" data-id=\"39393098\" data-element_type=\"column\" data-e-type=\"column\">\n\t\t\t<div class=\"elementor-widget-wrap elementor-element-populated\">\n\t\t\t\t\t\t<div class=\"elementor-element elementor-element-61c33d6f elementor-widget elementor-widget-image\" data-id=\"61c33d6f\" data-element_type=\"widget\" data-e-type=\"widget\" data-widget_type=\"image.default\">\n\t\t\t\t<div class=\"elementor-widget-container\">\n\t\t\t\t\t\t\t\t\t\t\t\t\t\t\t<img decoding=\"async\" src=\"https:\/\/losmolinospontedeume.landrove.es\/wp-content\/uploads\/2023\/03\/divider-free-img-1.png\" title=\"\" alt=\"\" loading=\"lazy\" \/>\t\t\t\t\t\t\t\t\t\t\t\t\t\t\t<\/div>\n\t\t\t\t<\/div>\n\t\t\t\t<div class=\"elementor-element elementor-element-42851972 elementor-invisible elementor-widget elementor-widget-heading\" data-id=\"42851972\" data-element_type=\"widget\" data-e-type=\"widget\" data-settings=\"{&quot;_animation&quot;:&quot;fadeInDown&quot;}\" data-widget_type=\"heading.default\">\n\t\t\t\t<div class=\"elementor-widget-container\">\n\t\t\t\t\t<h3 class=\"elementor-heading-title elementor-size-default\">Los Molinos Pontedeume<\/h3>\t\t\t\t<\/div>\n\t\t\t\t<\/div>\n\t\t\t\t<div class=\"elementor-element elementor-element-2e7e6ff7 elementor-invisible elementor-widget elementor-widget-heading\" data-id=\"2e7e6ff7\" data-element_type=\"widget\" data-e-type=\"widget\" data-settings=\"{&quot;_animation&quot;:&quot;fadeInUp&quot;,&quot;_animation_delay&quot;:200}\" data-widget_type=\"heading.default\">\n\t\t\t\t<div class=\"elementor-widget-container\">\n\t\t\t\t\t<h1 class=\"elementor-heading-title elementor-size-default\">Novedades &amp;<br>Actualidad<\/h1>\t\t\t\t<\/div>\n\t\t\t\t<\/div>\n\t\t\t\t<div class=\"elementor-element elementor-element-2b5f83c5 elementor-hidden-phone elementor-invisible elementor-widget elementor-widget-text-editor\" data-id=\"2b5f83c5\" data-element_type=\"widget\" data-e-type=\"widget\" data-settings=\"{&quot;_animation&quot;:&quot;fadeInUp&quot;,&quot;_animation_delay&quot;:400}\" data-widget_type=\"text-editor.default\">\n\t\t\t\t<div class=\"elementor-widget-container\">\n\t\t\t\t\t\t\t\t\t<p>Gracias por elegir Los Molinos Restaurante. En esta secci\u00f3n estar\u00e1s al d\u00eda de todas las novedades de nuestro restaurante en As Fragas do Eume.<\/p>\t\t\t\t\t\t\t\t<\/div>\n\t\t\t\t<\/div>\n\t\t\t\t\t<\/div>\n\t\t<\/div>\n\t\t\t\t<div class=\"elementor-column elementor-col-16 elementor-top-column elementor-element elementor-element-19e5d963\" data-id=\"19e5d963\" data-element_type=\"column\" data-e-type=\"column\">\n\t\t\t<div class=\"elementor-widget-wrap\">\n\t\t\t\t\t\t\t<\/div>\n\t\t<\/div>\n\t\t\t\t\t<\/div>\n\t\t<\/section>\n\t\t\t\t<section class=\"elementor-section elementor-top-section elementor-element elementor-element-38beac1 elementor-section-boxed elementor-section-height-default elementor-section-height-default\" data-id=\"38beac1\" data-element_type=\"section\" data-e-type=\"section\">\n\t\t\t\t\t\t<div class=\"elementor-container elementor-column-gap-default\">\n\t\t\t\t\t<div class=\"elementor-column elementor-col-100 elementor-top-column elementor-element elementor-element-cc38840\" data-id=\"cc38840\" data-element_type=\"column\" data-e-type=\"column\">\n\t\t\t<div class=\"elementor-widget-wrap elementor-element-populated\">\n\t\t\t\t\t\t<div class=\"elementor-element elementor-element-5f28075 elementor-widget-divider--view-line elementor-widget elementor-widget-divider\" data-id=\"5f28075\" data-element_type=\"widget\" data-e-type=\"widget\" data-widget_type=\"divider.default\">\n\t\t\t\t<div class=\"elementor-widget-container\">\n\t\t\t\t\t\t\t<div class=\"elementor-divider\">\n\t\t\t<span class=\"elementor-divider-separator\">\n\t\t\t\t\t\t<\/span>\n\t\t<\/div>\n\t\t\t\t\t\t<\/div>\n\t\t\t\t<\/div>\n\t\t\t\t\t<\/div>\n\t\t<\/div>\n\t\t\t\t\t<\/div>\n\t\t<\/section>\n\t\t\t\t<section class=\"elementor-section elementor-top-section elementor-element elementor-element-285ece9 elementor-section-boxed elementor-section-height-default elementor-section-height-default\" data-id=\"285ece9\" data-element_type=\"section\" data-e-type=\"section\">\n\t\t\t\t\t\t<div class=\"elementor-container elementor-column-gap-default\">\n\t\t\t\t\t<div class=\"elementor-column elementor-col-50 elementor-top-column elementor-element elementor-element-200cfc4\" data-id=\"200cfc4\" data-element_type=\"column\" data-e-type=\"column\">\n\t\t\t<div class=\"elementor-widget-wrap elementor-element-populated\">\n\t\t\t\t\t\t<div class=\"elementor-element elementor-element-2443122 elementor-widget elementor-widget-image\" data-id=\"2443122\" data-element_type=\"widget\" data-e-type=\"widget\" data-widget_type=\"image.default\">\n\t\t\t\t<div class=\"elementor-widget-container\">\n\t\t\t\t\t\t\t\t\t\t\t\t\t\t\t<img fetchpriority=\"high\" decoding=\"async\" width=\"171\" height=\"300\" src=\"https:\/\/www.losmolinospontedeume.com\/wp-content\/uploads\/2023\/06\/357473363_809058897410526_4945641849178631009_n-171x300.jpg\" class=\"attachment-medium size-medium wp-image-11561\" alt=\"\" srcset=\"https:\/\/www.losmolinospontedeume.com\/wp-content\/uploads\/2023\/06\/357473363_809058897410526_4945641849178631009_n-171x300.jpg 171w, https:\/\/www.losmolinospontedeume.com\/wp-content\/uploads\/2023\/06\/357473363_809058897410526_4945641849178631009_n.jpg 533w\" sizes=\"(max-width: 171px) 100vw, 171px\" \/>\t\t\t\t\t\t\t\t\t\t\t\t\t\t\t<\/div>\n\t\t\t\t<\/div>\n\t\t\t\t\t<\/div>\n\t\t<\/div>\n\t\t\t\t<div class=\"elementor-column elementor-col-50 elementor-top-column elementor-element elementor-element-6f95038\" data-id=\"6f95038\" data-element_type=\"column\" data-e-type=\"column\">\n\t\t\t<div class=\"elementor-widget-wrap elementor-element-populated\">\n\t\t\t\t\t\t<div class=\"elementor-element elementor-element-e0c586f elementor-widget elementor-widget-text-editor\" data-id=\"e0c586f\" data-element_type=\"widget\" data-e-type=\"widget\" data-widget_type=\"text-editor.default\">\n\t\t\t\t<div class=\"elementor-widget-container\">\n\t\t\t\t\t\t\t\t\t<h4>Durante este fin de semana del 30 de Junio al 2 de Julio, te esperamos en nuestro restaurante para que puedas degustar nuestro men\u00fa especial Medieval. Te esperamos!<\/h4>\t\t\t\t\t\t\t\t<\/div>\n\t\t\t\t<\/div>\n\t\t\t\t\t<\/div>\n\t\t<\/div>\n\t\t\t\t\t<\/div>\n\t\t<\/section>\n\t\t\t\t<\/div>\n\t\t","protected":false},"excerpt":{"rendered":"<p>Los Molinos Pontedeume Novedades &amp;Actualidad Gracias por elegir Los Molinos Restaurante. En esta secci\u00f3n estar\u00e1s al d\u00eda de todas las novedades de nuestro restaurante en As Fragas do Eume. Durante este fin de semana del 30 de Junio al 2 de Julio, te esperamos en nuestro restaurante para que puedas degustar nuestro men\u00fa especial Medieval. &hellip;<\/p>\n<p class=\"read-more\"> <a class=\"\" href=\"https:\/\/www.losmolinospontedeume.com\/index.php\/novedades\/\"> <span class=\"screen-reader-text\">Novedades<\/span> Leer m\u00e1s &raquo;<\/a><\/p>\n","protected":false},"author":2,"featured_media":0,"parent":0,"menu_order":4,"comment_status":"closed","ping_status":"closed","template":"","meta":{"site-sidebar-layout":"no-sidebar","site-content-layout":"page-builder","ast-global-header-display":"","ast-main-header-display":"","ast-hfb-above-header-display":"","ast-hfb-below-header-display":"","ast-hfb-mobile-header-display":"","site-post-title":"disabled","ast-breadcrumbs-content":"","ast-featured-img":"disabled","footer-sml-layout":"","theme-transparent-header-meta":"","adv-header-id-meta":"","stick-header-meta":"","header-above-stick-meta":"","header-main-stick-meta":"","header-below-stick-meta":"","footnotes":""},"class_list":["post-11556","page","type-page","status-publish","hentry"],"yoast_head":"<!-- This site is optimized with the Yoast SEO plugin v27.4 - https:\/\/yoast.com\/product\/yoast-seo-wordpress\/ -->\n<title>Novedades - Restaurante Los Molinos Pontedeume<\/title>\n<meta name=\"robots\" content=\"index, follow, max-snippet:-1, max-image-preview:large, max-video-preview:-1\" \/>\n<link rel=\"canonical\" href=\"https:\/\/www.losmolinospontedeume.com\/index.php\/novedades\/\" \/>\n<meta property=\"og:locale\" content=\"es_ES\" \/>\n<meta property=\"og:type\" content=\"article\" \/>\n<meta property=\"og:title\" content=\"Novedades - Restaurante Los Molinos Pontedeume\" \/>\n<meta property=\"og:description\" content=\"Los Molinos Pontedeume Novedades &amp;Actualidad Gracias por elegir Los Molinos Restaurante. En esta secci\u00f3n estar\u00e1s al d\u00eda de todas las novedades de nuestro restaurante en As Fragas do Eume. Durante este fin de semana del 30 de Junio al 2 de Julio, te esperamos en nuestro restaurante para que puedas degustar nuestro men\u00fa especial Medieval. &hellip; Novedades Leer m\u00e1s &raquo;\" \/>\n<meta property=\"og:url\" content=\"https:\/\/www.losmolinospontedeume.com\/index.php\/novedades\/\" \/>\n<meta property=\"og:site_name\" content=\"Restaurante Los Molinos Pontedeume\" \/>\n<meta property=\"article:publisher\" content=\"https:\/\/www.facebook.com\/losmolinospontedeume\" \/>\n<meta property=\"article:modified_time\" content=\"2023-11-10T16:26:32+00:00\" \/>\n<meta property=\"og:image\" content=\"https:\/\/losmolinospontedeume.landrove.es\/wp-content\/uploads\/2023\/03\/divider-free-img-1.png\" \/>\n<meta name=\"twitter:card\" content=\"summary_large_image\" \/>\n<meta name=\"twitter:site\" content=\"@Rte_LosMolinos\" \/>\n<meta name=\"twitter:label1\" content=\"Tiempo de lectura\" \/>\n\t<meta name=\"twitter:data1\" content=\"1 minuto\" \/>\n<script type=\"application\/ld+json\" class=\"yoast-schema-graph\">{\"@context\":\"https:\\\/\\\/schema.org\",\"@graph\":[{\"@type\":\"WebPage\",\"@id\":\"https:\\\/\\\/www.losmolinospontedeume.com\\\/index.php\\\/novedades\\\/\",\"url\":\"https:\\\/\\\/www.losmolinospontedeume.com\\\/index.php\\\/novedades\\\/\",\"name\":\"Novedades - Restaurante Los Molinos Pontedeume\",\"isPartOf\":{\"@id\":\"https:\\\/\\\/www.losmolinospontedeume.com\\\/#website\"},\"primaryImageOfPage\":{\"@id\":\"https:\\\/\\\/www.losmolinospontedeume.com\\\/index.php\\\/novedades\\\/#primaryimage\"},\"image\":{\"@id\":\"https:\\\/\\\/www.losmolinospontedeume.com\\\/index.php\\\/novedades\\\/#primaryimage\"},\"thumbnailUrl\":\"https:\\\/\\\/losmolinospontedeume.landrove.es\\\/wp-content\\\/uploads\\\/2023\\\/03\\\/divider-free-img-1.png\",\"datePublished\":\"2023-06-30T17:57:37+00:00\",\"dateModified\":\"2023-11-10T16:26:32+00:00\",\"breadcrumb\":{\"@id\":\"https:\\\/\\\/www.losmolinospontedeume.com\\\/index.php\\\/novedades\\\/#breadcrumb\"},\"inLanguage\":\"es\",\"potentialAction\":[{\"@type\":\"ReadAction\",\"target\":[\"https:\\\/\\\/www.losmolinospontedeume.com\\\/index.php\\\/novedades\\\/\"]}]},{\"@type\":\"ImageObject\",\"inLanguage\":\"es\",\"@id\":\"https:\\\/\\\/www.losmolinospontedeume.com\\\/index.php\\\/novedades\\\/#primaryimage\",\"url\":\"https:\\\/\\\/losmolinospontedeume.landrove.es\\\/wp-content\\\/uploads\\\/2023\\\/03\\\/divider-free-img-1.png\",\"contentUrl\":\"https:\\\/\\\/losmolinospontedeume.landrove.es\\\/wp-content\\\/uploads\\\/2023\\\/03\\\/divider-free-img-1.png\"},{\"@type\":\"BreadcrumbList\",\"@id\":\"https:\\\/\\\/www.losmolinospontedeume.com\\\/index.php\\\/novedades\\\/#breadcrumb\",\"itemListElement\":[{\"@type\":\"ListItem\",\"position\":1,\"name\":\"Portada\",\"item\":\"https:\\\/\\\/www.losmolinospontedeume.com\\\/\"},{\"@type\":\"ListItem\",\"position\":2,\"name\":\"Novedades\"}]},{\"@type\":\"WebSite\",\"@id\":\"https:\\\/\\\/www.losmolinospontedeume.com\\\/#website\",\"url\":\"https:\\\/\\\/www.losmolinospontedeume.com\\\/\",\"name\":\"Restaurante Los Molinos Pontedeume\",\"description\":\"Restaurante en As Fragas do Eume\",\"publisher\":{\"@id\":\"https:\\\/\\\/www.losmolinospontedeume.com\\\/#organization\"},\"alternateName\":\"Tu restaurante en Pontedeume\",\"potentialAction\":[{\"@type\":\"SearchAction\",\"target\":{\"@type\":\"EntryPoint\",\"urlTemplate\":\"https:\\\/\\\/www.losmolinospontedeume.com\\\/?s={search_term_string}\"},\"query-input\":{\"@type\":\"PropertyValueSpecification\",\"valueRequired\":true,\"valueName\":\"search_term_string\"}}],\"inLanguage\":\"es\"},{\"@type\":\"Organization\",\"@id\":\"https:\\\/\\\/www.losmolinospontedeume.com\\\/#organization\",\"name\":\"Los Molinos Pontedeume\",\"alternateName\":\"Tu Restaurante en Pontedeume\",\"url\":\"https:\\\/\\\/www.losmolinospontedeume.com\\\/\",\"logo\":{\"@type\":\"ImageObject\",\"inLanguage\":\"es\",\"@id\":\"https:\\\/\\\/www.losmolinospontedeume.com\\\/#\\\/schema\\\/logo\\\/image\\\/\",\"url\":\"https:\\\/\\\/www.losmolinospontedeume.com\\\/wp-content\\\/uploads\\\/2023\\\/04\\\/logo_size.jpg\",\"contentUrl\":\"https:\\\/\\\/www.losmolinospontedeume.com\\\/wp-content\\\/uploads\\\/2023\\\/04\\\/logo_size.jpg\",\"width\":480,\"height\":80,\"caption\":\"Los Molinos Pontedeume\"},\"image\":{\"@id\":\"https:\\\/\\\/www.losmolinospontedeume.com\\\/#\\\/schema\\\/logo\\\/image\\\/\"},\"sameAs\":[\"https:\\\/\\\/www.facebook.com\\\/losmolinospontedeume\",\"https:\\\/\\\/x.com\\\/Rte_LosMolinos\",\"https:\\\/\\\/www.instagram.com\\\/losmolinospontedeume\\\/\"]}]}<\/script>\n<!-- \/ Yoast SEO plugin. -->","yoast_head_json":{"title":"Novedades - Restaurante Los Molinos Pontedeume","robots":{"index":"index","follow":"follow","max-snippet":"max-snippet:-1","max-image-preview":"max-image-preview:large","max-video-preview":"max-video-preview:-1"},"canonical":"https:\/\/www.losmolinospontedeume.com\/index.php\/novedades\/","og_locale":"es_ES","og_type":"article","og_title":"Novedades - Restaurante Los Molinos Pontedeume","og_description":"Los Molinos Pontedeume Novedades &amp;Actualidad Gracias por elegir Los Molinos Restaurante. En esta secci\u00f3n estar\u00e1s al d\u00eda de todas las novedades de nuestro restaurante en As Fragas do Eume. Durante este fin de semana del 30 de Junio al 2 de Julio, te esperamos en nuestro restaurante para que puedas degustar nuestro men\u00fa especial Medieval. &hellip; Novedades Leer m\u00e1s &raquo;","og_url":"https:\/\/www.losmolinospontedeume.com\/index.php\/novedades\/","og_site_name":"Restaurante Los Molinos Pontedeume","article_publisher":"https:\/\/www.facebook.com\/losmolinospontedeume","article_modified_time":"2023-11-10T16:26:32+00:00","og_image":[{"url":"https:\/\/losmolinospontedeume.landrove.es\/wp-content\/uploads\/2023\/03\/divider-free-img-1.png","type":"","width":"","height":""}],"twitter_card":"summary_large_image","twitter_site":"@Rte_LosMolinos","twitter_misc":{"Tiempo de lectura":"1 minuto"},"schema":{"@context":"https:\/\/schema.org","@graph":[{"@type":"WebPage","@id":"https:\/\/www.losmolinospontedeume.com\/index.php\/novedades\/","url":"https:\/\/www.losmolinospontedeume.com\/index.php\/novedades\/","name":"Novedades - Restaurante Los Molinos Pontedeume","isPartOf":{"@id":"https:\/\/www.losmolinospontedeume.com\/#website"},"primaryImageOfPage":{"@id":"https:\/\/www.losmolinospontedeume.com\/index.php\/novedades\/#primaryimage"},"image":{"@id":"https:\/\/www.losmolinospontedeume.com\/index.php\/novedades\/#primaryimage"},"thumbnailUrl":"https:\/\/losmolinospontedeume.landrove.es\/wp-content\/uploads\/2023\/03\/divider-free-img-1.png","datePublished":"2023-06-30T17:57:37+00:00","dateModified":"2023-11-10T16:26:32+00:00","breadcrumb":{"@id":"https:\/\/www.losmolinospontedeume.com\/index.php\/novedades\/#breadcrumb"},"inLanguage":"es","potentialAction":[{"@type":"ReadAction","target":["https:\/\/www.losmolinospontedeume.com\/index.php\/novedades\/"]}]},{"@type":"ImageObject","inLanguage":"es","@id":"https:\/\/www.losmolinospontedeume.com\/index.php\/novedades\/#primaryimage","url":"https:\/\/losmolinospontedeume.landrove.es\/wp-content\/uploads\/2023\/03\/divider-free-img-1.png","contentUrl":"https:\/\/losmolinospontedeume.landrove.es\/wp-content\/uploads\/2023\/03\/divider-free-img-1.png"},{"@type":"BreadcrumbList","@id":"https:\/\/www.losmolinospontedeume.com\/index.php\/novedades\/#breadcrumb","itemListElement":[{"@type":"ListItem","position":1,"name":"Portada","item":"https:\/\/www.losmolinospontedeume.com\/"},{"@type":"ListItem","position":2,"name":"Novedades"}]},{"@type":"WebSite","@id":"https:\/\/www.losmolinospontedeume.com\/#website","url":"https:\/\/www.losmolinospontedeume.com\/","name":"Restaurante Los Molinos Pontedeume","description":"Restaurante en As Fragas do Eume","publisher":{"@id":"https:\/\/www.losmolinospontedeume.com\/#organization"},"alternateName":"Tu restaurante en Pontedeume","potentialAction":[{"@type":"SearchAction","target":{"@type":"EntryPoint","urlTemplate":"https:\/\/www.losmolinospontedeume.com\/?s={search_term_string}"},"query-input":{"@type":"PropertyValueSpecification","valueRequired":true,"valueName":"search_term_string"}}],"inLanguage":"es"},{"@type":"Organization","@id":"https:\/\/www.losmolinospontedeume.com\/#organization","name":"Los Molinos Pontedeume","alternateName":"Tu Restaurante en Pontedeume","url":"https:\/\/www.losmolinospontedeume.com\/","logo":{"@type":"ImageObject","inLanguage":"es","@id":"https:\/\/www.losmolinospontedeume.com\/#\/schema\/logo\/image\/","url":"https:\/\/www.losmolinospontedeume.com\/wp-content\/uploads\/2023\/04\/logo_size.jpg","contentUrl":"https:\/\/www.losmolinospontedeume.com\/wp-content\/uploads\/2023\/04\/logo_size.jpg","width":480,"height":80,"caption":"Los Molinos Pontedeume"},"image":{"@id":"https:\/\/www.losmolinospontedeume.com\/#\/schema\/logo\/image\/"},"sameAs":["https:\/\/www.facebook.com\/losmolinospontedeume","https:\/\/x.com\/Rte_LosMolinos","https:\/\/www.instagram.com\/losmolinospontedeume\/"]}]}},"_links":{"self":[{"href":"https:\/\/www.losmolinospontedeume.com\/index.php\/wp-json\/wp\/v2\/pages\/11556","targetHints":{"allow":["GET"]}}],"collection":[{"href":"https:\/\/www.losmolinospontedeume.com\/index.php\/wp-json\/wp\/v2\/pages"}],"about":[{"href":"https:\/\/www.losmolinospontedeume.com\/index.php\/wp-json\/wp\/v2\/types\/page"}],"author":[{"embeddable":true,"href":"https:\/\/www.losmolinospontedeume.com\/index.php\/wp-json\/wp\/v2\/users\/2"}],"replies":[{"embeddable":true,"href":"https:\/\/www.losmolinospontedeume.com\/index.php\/wp-json\/wp\/v2\/comments?post=11556"}],"version-history":[{"count":18,"href":"https:\/\/www.losmolinospontedeume.com\/index.php\/wp-json\/wp\/v2\/pages\/11556\/revisions"}],"predecessor-version":[{"id":11580,"href":"https:\/\/www.losmolinospontedeume.com\/index.php\/wp-json\/wp\/v2\/pages\/11556\/revisions\/11580"}],"wp:attachment":[{"href":"https:\/\/www.losmolinospontedeume.com\/index.php\/wp-json\/wp\/v2\/media?parent=11556"}],"curies":[{"name":"wp","href":"https:\/\/api.w.org\/{rel}","templated":true}]}}